{"id":1172,"date":"2022-09-30T13:47:49","date_gmt":"2022-09-30T12:47:49","guid":{"rendered":"https:\/\/imag.umontpellier.fr\/?page_id=1172"},"modified":"2025-09-08T11:56:36","modified_gmt":"2025-09-08T10:56:36","slug":"accueil-english","status":"publish","type":"page","link":"https:\/\/imag.umontpellier.fr\/?page_id=1172&lang=en","title":{"rendered":"Home"},"content":{"rendered":"\n<div class=\"wp-block-columns is-layout-flex wp-container-core-columns-is-layout-9d6595d7 wp-block-columns-is-layout-flex\">\n<div class=\"wp-block-column has-light-gray-background-color has-background is-layout-flow wp-block-column-is-layout-flow\" style=\"flex-basis:66.66%\">\n<p><strong><strong>Alexander Grothendieck<\/strong> Montpellier Institute<\/strong> &#8211; IMAG &#8211; is a joint research unit of CNRS and the University of Montpellier (UMR n\u00b05149) in partnership with INRIA, located on the Triolet campus of the University of Montpellier.<\/p>\n\n\n\n<hr class=\"wp-block-separator has-css-opacity is-style-wide\"\/>\n\n\n\n<h2 class=\"wp-block-heading\" id=\"la-semaine-de-l-imag\">The IMAG week<\/h2>\n\n\n\n\n\n\n<hr class=\"wp-block-separator has-css-opacity aligncenter is-style-wide\"\/>\n\n\n\n<h2 class=\"wp-block-heading\" id=\"actualites\">News<\/h2>\n\n\n<ul class=\"wp-block-latest-posts__list wp-block-latest-posts\"><li><a class=\"wp-block-latest-posts__post-title\" href=\"https:\/\/imag.umontpellier.fr\/?p=2571\">Colloque 2026 de la COPIRELEM \u00e0 Montpellier<\/a><div class=\"wp-block-latest-posts__post-full-content\"><!-- wp:media-text {\"align\":\"\",\"mediaId\":2572,\"mediaLink\":\"https:\/\/imag.umontpellier.fr\/?attachment_id=2572\",\"linkDestination\":\"custom\",\"mediaType\":\"image\",\"mediaWidth\":20,\"mediaSizeSlug\":\"medium\",\"verticalAlignment\":\"top\",\"imageFill\":false,\"lock\":{\"move\":true,\"remove\":true}} -->\n<div class=\"wp-block-media-text is-stacked-on-mobile is-vertically-aligned-top\" style=\"grid-template-columns:20% auto\"><figure class=\"wp-block-media-text__media\"><a href=\"https:\/\/copi26.sciencesconf.org\/\" target=\"_blank\" rel=\" noreferrer noopener\"><img loading=\"lazy\" decoding=\"async\" width=\"212\" height=\"300\" src=\"https:\/\/imag.umontpellier.fr\/wp-content\/uploads\/2026\/04\/affiche-choisie-724x1024-1-212x300.png\" alt=\"\" class=\"wp-image-2572 size-medium\" srcset=\"https:\/\/imag.umontpellier.fr\/wp-content\/uploads\/2026\/04\/affiche-choisie-724x1024-1-212x300.png 212w, https:\/\/imag.umontpellier.fr\/wp-content\/uploads\/2026\/04\/affiche-choisie-724x1024-1.png 724w\" sizes=\"auto, (max-width: 212px) 100vw, 212px\" \/><\/a><\/figure><div class=\"wp-block-media-text__content\"><!-- wp:paragraph -->\n<p>Le 52\u00e8me colloque de la <strong>COPIRELEM<\/strong> se tiendra \u00e0 la Facult\u00e9 des sciences de l\u2019universit\u00e9 de Montpellier les 29-30 juin et 1er juillet 2026.<br>Ce colloque est organis\u00e9 par la <a href=\"https:\/\/www.copirelem.fr\/\" target=\"_blank\" rel=\"noreferrer noopener\">COPIRELEM <\/a>(Commission Permanente des IREM sur l\u2019Enseignement \u00c9l\u00e9mentaire), l\u2019<a href=\"https:\/\/ires-fds.edu.umontpellier.fr\/\" target=\"_blank\" rel=\"noreferrer noopener\">IRES de Montpellier<\/a> (Institut de recherche sur l\u2019Enseignement des sciences), et l\u2019<a href=\"https:\/\/imag.umontpellier.fr\/\" target=\"_blank\" rel=\"noreferrer noopener\">IMAG<\/a><a href=\"https:\/\/copi26.sciencesconf.org\/imag%20montpellier\"> <\/a>(Institut Montpelli\u00e9rain Alexander Grothendieck).<br> Le colloque annuel de la COPIRELEM est un colloque destin\u00e9 \u00e0 la formation de formateurs des enseignants. Il est ouvert \u00e0 toute personne int\u00e9ress\u00e9e par la formation en math\u00e9matiques des professeurs des \u00e9coles : chercheurs, formateurs des INSPE, membres des IREM et IRES, inspecteurs et conseillers p\u00e9dagogiques, ma\u00eetres formateurs, r\u00e9f\u00e9rents math\u00e9matiques de circonscription, enseignants\u2026.<\/p>\n<!-- \/wp:paragraph -->\n\n<!-- wp:paragraph -->\n<p><a href=\"https:\/\/copi26.sciencesconf.org\/\">L\u2019inscription sera ouverte d\u00e9but avril 2026<\/a><\/p>\n<!-- \/wp:paragraph -->\n\n<!-- wp:separator {\"className\":\"is-style-dots\"} -->\n<hr class=\"wp-block-separator has-alpha-channel-opacity is-style-dots\" \/>\n<!-- \/wp:separator --><\/div><\/div>\n<!-- \/wp:media-text --><\/div><\/li>\n<li><a class=\"wp-block-latest-posts__post-title\" href=\"https:\/\/imag.umontpellier.fr\/?p=2564\">Naoto Yotsutani (Universit\u00e9 de Shizuoka, Japon) est chercheur invit\u00e9 \u00e0 l&rsquo;IMAG, du 1 avril 2026 au 31 mars 2027.<\/a><div class=\"wp-block-latest-posts__post-full-content\"><!-- wp:media-text {\"align\":\"\",\"mediaId\":2565,\"mediaLink\":\"https:\/\/imag.umontpellier.fr\/?attachment_id=2565\",\"linkDestination\":\"custom\",\"mediaType\":\"image\",\"mediaWidth\":15,\"mediaSizeSlug\":\"medium\",\"verticalAlignment\":\"center\",\"imageFill\":false} -->\n<div class=\"wp-block-media-text is-stacked-on-mobile is-vertically-aligned-center\" style=\"grid-template-columns:15% auto\"><figure class=\"wp-block-media-text__media\"><a href=\"https:\/\/shizuoka.academia.edu\/NaotoYotsutani\" target=\"_blank\" rel=\" noreferrer noopener\"><img loading=\"lazy\" decoding=\"async\" width=\"218\" height=\"300\" src=\"https:\/\/imag.umontpellier.fr\/wp-content\/uploads\/2026\/04\/NaotoYotsutani-page-001-218x300.jpg\" alt=\"\" class=\"wp-image-2565 size-medium\" srcset=\"https:\/\/imag.umontpellier.fr\/wp-content\/uploads\/2026\/04\/NaotoYotsutani-page-001-218x300.jpg 218w, https:\/\/imag.umontpellier.fr\/wp-content\/uploads\/2026\/04\/NaotoYotsutani-page-001.jpg 385w\" sizes=\"auto, (max-width: 218px) 100vw, 218px\" \/><\/a><\/figure><div class=\"wp-block-media-text__content\"><!-- wp:paragraph -->\n<p>Du 1 avril 2026 au 31 mars 2027, <strong>Naoto Yotsutani<\/strong> est chercheur invit\u00e9 \u00e0 l&rsquo;IMAG. Il est Associate Professor \u00e0 l&rsquo;Universit\u00e9 de Shizuoka au Japon, et son s\u00e9jour est financ\u00e9 par une bourse JSPS. Son projet de recherche est de clarifier les relations entre l&rsquo;analyse des polytopes convexes et l&rsquo;existence de m\u00e9triques de K\u00e4hler canoniques sur les G-vari\u00e9t\u00e9s. Une G-vari\u00e9t\u00e9 est une vari\u00e9t\u00e9 munie d&rsquo;une action d&rsquo;un groupe G, qui permet de la d\u00e9crire de mani\u00e8re combinatoire avec un polytope moment, comme pour les vari\u00e9t\u00e9s toriques. N. Yotsutani cherche \u00e0 \u00e9tablir une caract\u00e9risation pr\u00e9cise des G-vari\u00e9t\u00e9s qui admettent des m\u00e9triques de K\u00e4hler canoniques, en fonction des polytopes qui leur sont associ\u00e9s. <\/p>\n<!-- \/wp:paragraph -->\n\n<!-- wp:paragraph -->\n<p><a href=\"https:\/\/shizuoka.academia.edu\/NaotoYotsutani\">Lien vers sa page web personnelle<\/a><\/p>\n<!-- \/wp:paragraph --><\/div><\/div>\n<!-- \/wp:media-text -->\n\n<!-- wp:separator {\"className\":\"is-style-dots\"} -->\n<hr class=\"wp-block-separator has-alpha-channel-opacity is-style-dots\" \/>\n<!-- \/wp:separator -->\n\n<!-- wp:paragraph -->\n<p><\/p>\n<!-- \/wp:paragraph --><\/div><\/li>\n<li><a class=\"wp-block-latest-posts__post-title\" href=\"https:\/\/imag.umontpellier.fr\/?p=2543\">Workshop \u00ab\u00a0Dynamics and Spectral Gaps\u00a0\u00bb March 30 &#8211; April 2, 2026<\/a><div class=\"wp-block-latest-posts__post-full-content\"><!-- wp:media-text {\"align\":\"\",\"mediaId\":2544,\"mediaLink\":\"https:\/\/imag.umontpellier.fr\/?attachment_id=2544\",\"linkDestination\":\"custom\",\"mediaType\":\"image\",\"mediaWidth\":41,\"mediaSizeSlug\":\"full\",\"isStackedOnMobile\":false,\"verticalAlignment\":\"top\",\"imageFill\":false,\"lock\":{\"move\":true,\"remove\":true}} -->\n<div class=\"wp-block-media-text is-vertically-aligned-top\" style=\"grid-template-columns:41% auto\"><figure class=\"wp-block-media-text__media\"><a href=\"https:\/\/sites.google.com\/view\/dynspec2026\" target=\"_blank\" rel=\" noreferrer noopener\"><img loading=\"lazy\" decoding=\"async\" width=\"560\" height=\"192\" src=\"https:\/\/imag.umontpellier.fr\/wp-content\/uploads\/2026\/02\/Screenshot-2026-02-24-at-10-54-18-Accueil.png\" alt=\"\" class=\"wp-image-2544 size-full\" srcset=\"https:\/\/imag.umontpellier.fr\/wp-content\/uploads\/2026\/02\/Screenshot-2026-02-24-at-10-54-18-Accueil.png 560w, https:\/\/imag.umontpellier.fr\/wp-content\/uploads\/2026\/02\/Screenshot-2026-02-24-at-10-54-18-Accueil-300x103.png 300w\" sizes=\"auto, (max-width: 560px) 100vw, 560px\" \/><\/a><\/figure><div class=\"wp-block-media-text__content\"><!-- wp:paragraph -->\n<p>This conference aims to bring together mathematicians from across Europe who are interested in Dynamics, Spectral Gaps, and their intricate interactions. Several approaches related to Analysis, Combinatorics, and Number Theory will be presented.<\/p>\n<!-- \/wp:paragraph -->\n\n<!-- wp:paragraph -->\n<p>The workshop will be held in Montpellier, France from March 30 to April 2, 2026.\u00a0<\/p>\n<!-- \/wp:paragraph -->\n\n<!-- wp:paragraph -->\n<p><strong>Organizers<\/strong>: Timoth\u00e9e B\u00e9nard and Jean-Fran\u00e7ois Quint<br><strong>Administration<\/strong>:\u00a0 Carmela Madonia<br><strong><br><\/strong><a href=\"https:\/\/sites.google.com\/view\/dynspec2026\" target=\"_blank\" rel=\"noreferrer noopener\">For more information, visit the website<\/a>.<br><\/p>\n<!-- \/wp:paragraph --><\/div><\/div>\n<!-- \/wp:media-text -->\n\n<!-- wp:separator {\"className\":\"is-style-dots\"} -->\n<hr class=\"wp-block-separator has-alpha-channel-opacity is-style-dots\" \/>\n<!-- \/wp:separator -->\n\n<!-- wp:paragraph -->\n<p><\/p>\n<!-- \/wp:paragraph --><\/div><\/li>\n<li><a class=\"wp-block-latest-posts__post-title\" href=\"https:\/\/imag.umontpellier.fr\/?p=2522\">Recrutements Post-doc et ATER<\/a><div class=\"wp-block-latest-posts__post-full-content\"><!-- wp:media-text {\"align\":\"\",\"mediaId\":2531,\"mediaLink\":\"https:\/\/imag.umontpellier.fr\/?attachment_id=2531\",\"linkDestination\":\"none\",\"mediaType\":\"image\",\"mediaWidth\":41,\"mediaSizeSlug\":\"full\",\"isStackedOnMobile\":false,\"verticalAlignment\":\"top\",\"imageFill\":false,\"lock\":{\"move\":true,\"remove\":true}} -->\n<div class=\"wp-block-media-text is-vertically-aligned-top\" style=\"grid-template-columns:41% auto\"><figure class=\"wp-block-media-text__media\"><img loading=\"lazy\" decoding=\"async\" width=\"500\" height=\"358\" src=\"https:\/\/imag.umontpellier.fr\/wp-content\/uploads\/2026\/02\/recrutement_vecto-2.png\" alt=\"\" class=\"wp-image-2531 size-full\" srcset=\"https:\/\/imag.umontpellier.fr\/wp-content\/uploads\/2026\/02\/recrutement_vecto-2.png 500w, https:\/\/imag.umontpellier.fr\/wp-content\/uploads\/2026\/02\/recrutement_vecto-2-300x215.png 300w\" sizes=\"auto, (max-width: 500px) 100vw, 500px\" \/><\/figure><div class=\"wp-block-media-text__content\"><!-- wp:paragraph -->\n<p>Le projet <strong>ANR Gals<\/strong> recrute un.e postdoc \u00e0 l&rsquo;IMAG (\u00e9quipe GTA) en septembre 2026, <a href=\"https:\/\/gals.pages.math.cnrs.fr\/offre.pdf\" target=\"_blank\" rel=\"noreferrer noopener\">annonce ici<\/a>. Date limite de candidature fin f\u00e9vrier.<\/p>\n<!-- \/wp:paragraph -->\n\n<!-- wp:paragraph -->\n<p>Le projet <strong>ANR Plage<\/strong> va engager un.e post-doc \u00e0 l&rsquo;IMAG (\u00e9quipe GTA) \u00a0pour une dur\u00e9e de 2 ans (1 an, renouvelable 1 an) \u00e0 l&rsquo;universit\u00e9 de Montpellier. <a href=\"https:\/\/imag.umontpellier.fr\/~brieussel\/PLAGE\/jobs.html\" target=\"_blank\" rel=\"noreferrer noopener\">L&rsquo;annonce d\u00e9taill\u00e9e ici<\/a>.<\/p>\n<!-- \/wp:paragraph -->\n\n<!-- wp:paragraph -->\n<p>Le <strong>d\u00e9partement de math\u00e9matiques<\/strong> de l&rsquo;Universit\u00e9 de Montpellier recrute plusieurs ATER. <a href=\"https:\/\/umontpellier.nous-recrutons.fr\/nos-offres-demplois-enseignants\/\" target=\"_blank\" rel=\"noreferrer noopener\">D\u00e9tails ici.<\/a><\/p>\n<!-- \/wp:paragraph -->\n\n<!-- wp:paragraph -->\n<p><\/p>\n<!-- \/wp:paragraph -->\n\n<!-- wp:paragraph -->\n<p><\/p>\n<!-- \/wp:paragraph --><\/div><\/div>\n<!-- \/wp:media-text -->\n\n<!-- wp:separator {\"className\":\"is-style-dots\"} -->\n<hr class=\"wp-block-separator has-alpha-channel-opacity is-style-dots\" \/>\n<!-- \/wp:separator --><\/div><\/li>\n<li><a class=\"wp-block-latest-posts__post-title\" href=\"https:\/\/imag.umontpellier.fr\/?p=2513\">Motives in Montpellier, 19-23 janvier 2026<\/a><div class=\"wp-block-latest-posts__post-full-content\"><!-- wp:media-text {\"align\":\"\",\"mediaId\":2514,\"mediaLink\":\"https:\/\/imag.umontpellier.fr\/?attachment_id=2514\",\"linkDestination\":\"custom\",\"mediaType\":\"image\",\"mediaWidth\":41,\"mediaSizeSlug\":\"medium\",\"verticalAlignment\":\"top\",\"imageFill\":false,\"lock\":{\"move\":true,\"remove\":true}} -->\n<div class=\"wp-block-media-text is-stacked-on-mobile is-vertically-aligned-top\" style=\"grid-template-columns:41% auto\"><figure class=\"wp-block-media-text__media\"><a href=\"https:\/\/imag.umontpellier.fr\/~tomic\/school2026\/\" target=\"_blank\" rel=\" noreferrer noopener\"><img loading=\"lazy\" decoding=\"async\" width=\"1024\" height=\"685\" src=\"https:\/\/imag.umontpellier.fr\/wp-content\/uploads\/2026\/01\/photo-1024x685.jpeg\" alt=\"\" class=\"wp-image-2514 size-medium\" srcset=\"https:\/\/imag.umontpellier.fr\/wp-content\/uploads\/2026\/01\/photo-1024x685.jpeg 1024w, https:\/\/imag.umontpellier.fr\/wp-content\/uploads\/2026\/01\/photo-300x201.jpeg 300w, https:\/\/imag.umontpellier.fr\/wp-content\/uploads\/2026\/01\/photo-768x514.jpeg 768w, https:\/\/imag.umontpellier.fr\/wp-content\/uploads\/2026\/01\/photo-1536x1027.jpeg 1536w, https:\/\/imag.umontpellier.fr\/wp-content\/uploads\/2026\/01\/photo-2048x1369.jpeg 2048w, https:\/\/imag.umontpellier.fr\/wp-content\/uploads\/2026\/01\/photo-1800x1204.jpeg 1800w\" sizes=\"auto, (max-width: 1024px) 100vw, 1024px\" \/><\/a><\/figure><div class=\"wp-block-media-text__content\"><!-- wp:paragraph -->\n<p>Du 19 au 23 janvier, l&rsquo;\u00e9cole d&rsquo;hiver <em><strong><a href=\"https:\/\/imag.umontpellier.fr\/~tomic\/school2026\/\" target=\"_blank\" rel=\"noreferrer noopener\">Motives in Montpellier<\/a><\/strong><\/em> a r\u00e9uni plus de cinquante participants, majoritairement doctorants ou post-doctorants bas\u00e9s en Europe, sur le campus Triolet.<br> Des expos\u00e9s de jeunes chercheurs et des mini-cours de Giuseppe Ancona, Margaret Bilu et Martin Gallauer ont explor\u00e9 la f\u00e9condit\u00e9\u00a0en g\u00e9om\u00e9trie alg\u00e9brique\u00a0de la notion de motifs introduite par Grothendieck.<br> L&rsquo;\u00e9cole a \u00e9t\u00e9 organis\u00e9e par des membres de l&rsquo;<strong>IMAG<\/strong> (Cl\u00e9ment Dupont, Ulysse Mounoud, Nikola Tomic, Sofian Tur-Dorvault) avec le soutien financier de l&rsquo;ANR CYCLADES, de l&rsquo;IMAG, de l&rsquo;IHP, du RTop, de l&rsquo;UM et du p\u00f4le MIPS.<\/p>\n<!-- \/wp:paragraph -->\n\n<!-- wp:paragraph -->\n<p>Plus de renseignements sur <a href=\"https:\/\/imag.umontpellier.fr\/~tomic\/school2026\/\">https:\/\/imag.umontpellier.fr\/~tomic\/school2026\/<\/a>:<\/p>\n<!-- \/wp:paragraph -->\n\n<!-- wp:paragraph -->\n<p><\/p>\n<!-- \/wp:paragraph --><\/div><\/div>\n<!-- \/wp:media-text -->\n\n<!-- wp:separator {\"className\":\"is-style-dots\"} -->\n<hr class=\"wp-block-separator has-alpha-channel-opacity is-style-dots\" \/>\n<!-- \/wp:separator --><\/div><\/li>\n<\/ul><\/div>\n\n\n\n<div class=\"wp-block-column is-layout-flow wp-block-column-is-layout-flow\" style=\"flex-basis:33.33%\">\n<figure class=\"wp-block-image size-full\"><img loading=\"lazy\" decoding=\"async\" width=\"485\" height=\"181\" src=\"https:\/\/imag.umontpellier.fr\/wordpress\/wp-content\/uploads\/2022\/04\/Flag-Site-web.jpg\" alt=\"\" class=\"wp-image-924\" srcset=\"https:\/\/imag.umontpellier.fr\/wp-content\/uploads\/2022\/04\/Flag-Site-web.jpg 485w, https:\/\/imag.umontpellier.fr\/wp-content\/uploads\/2022\/04\/Flag-Site-web-300x112.jpg 300w\" sizes=\"auto, (max-width: 485px) 100vw, 485px\" \/><\/figure>\n\n\n\n<h2 class=\"wp-block-heading has-text-align-center\" id=\"dernieres-publications\">Latest Publications<\/h2>\n\n\n\n\n\n\n<hr class=\"wp-block-separator has-css-opacity is-style-wide\"\/>\n\n\n\n<h2 class=\"wp-block-heading\" id=\"contact\">Contact<\/h2>\n\n\n\n<p><a href=\"mailto:imag-direction@umontpellier.fr\">imag-direction@umontpellier.fr<\/a><\/p>\n\n\n\n<p><strong>IMAG \u2013 UMR 5149<\/strong><br>Universit\u00e9 de Montpellier<br>Case courrier 051<br>Place Eug\u00e8ne Bataillon<br>34090 Montpellier &#8211; France<br>Tel. +33 (0)4 67 14 31 57<\/p>\n\n\n\n<hr class=\"wp-block-separator has-css-opacity is-style-wide\"\/>\n\n\n\n<div class=\"wp-block-columns is-layout-flex wp-container-core-columns-is-layout-9d6595d7 wp-block-columns-is-layout-flex\">\n<div class=\"wp-block-column is-layout-flow wp-block-column-is-layout-flow\" style=\"flex-basis:25%\">\n<figure class=\"wp-block-image size-full\"><a href=\"https:\/\/www.umontpellier.fr\/\" target=\"_blank\" rel=\"noreferrer noopener\"><img loading=\"lazy\" decoding=\"async\" width=\"120\" height=\"120\" src=\"https:\/\/imag.umontpellier.fr\/wp-content\/uploads\/2022\/06\/Logo_UM_120x120.png\" alt=\"\" class=\"wp-image-1074\"\/><\/a><\/figure>\n<\/div>\n\n\n\n<div class=\"wp-block-column is-layout-flow wp-block-column-is-layout-flow\" style=\"flex-basis:25%\">\n<figure class=\"wp-block-gallery has-nested-images columns-default is-cropped wp-block-gallery-1 is-layout-flex wp-block-gallery-is-layout-flex\">\n<figure class=\"wp-block-image size-full\"><a href=\"https:\/\/www.cnrs.fr\/\" target=\"_blank\" rel=\"noreferrer noopener\"><img loading=\"lazy\" decoding=\"async\" width=\"120\" height=\"120\" data-id=\"1072\" src=\"https:\/\/imag.umontpellier.fr\/wp-content\/uploads\/2022\/06\/340px-CNRS-120x120-1.png\" alt=\"\" class=\"wp-image-1072\"\/><\/a><\/figure>\n<\/figure>\n<\/div>\n\n\n\n<div class=\"wp-block-column is-layout-flow wp-block-column-is-layout-flow\" style=\"flex-basis:50%\">\n<figure class=\"wp-block-image size-full\"><a href=\"https:\/\/www.inria.fr\/\" target=\"_blank\" rel=\"noreferrer noopener\"><img loading=\"lazy\" decoding=\"async\" width=\"341\" height=\"120\" src=\"https:\/\/imag.umontpellier.fr\/wp-content\/uploads\/2022\/06\/Logo_inria_120.png\" alt=\"\" class=\"wp-image-1077\" srcset=\"https:\/\/imag.umontpellier.fr\/wp-content\/uploads\/2022\/06\/Logo_inria_120.png 341w, https:\/\/imag.umontpellier.fr\/wp-content\/uploads\/2022\/06\/Logo_inria_120-300x106.png 300w\" sizes=\"auto, (max-width: 341px) 100vw, 341px\" \/><\/a><\/figure>\n<\/div>\n<\/div>\n<\/div>\n<\/div>\n\n\n\n<p><\/p>\n","protected":false},"excerpt":{"rendered":"<p>Alexander Grothendieck Montpellier Institute &#8211; IMAG &#8211; is a joint research unit of CNRS and the University of Montpellier (UMR n\u00b05149) in partnership with INRIA, [&#8230;]<\/p>\n","protected":false},"author":1,"featured_media":0,"parent":0,"menu_order":0,"comment_status":"closed","ping_status":"closed","template":"templates\/template-fullwidth-no-title.php","meta":{"footnotes":""},"class_list":["post-1172","page","type-page","status-publish","hentry"],"_links":{"self":[{"href":"https:\/\/imag.umontpellier.fr\/index.php?rest_route=\/wp\/v2\/pages\/1172","targetHints":{"allow":["GET"]}}],"collection":[{"href":"https:\/\/imag.umontpellier.fr\/index.php?rest_route=\/wp\/v2\/pages"}],"about":[{"href":"https:\/\/imag.umontpellier.fr\/index.php?rest_route=\/wp\/v2\/types\/page"}],"author":[{"embeddable":true,"href":"https:\/\/imag.umontpellier.fr\/index.php?rest_route=\/wp\/v2\/users\/1"}],"replies":[{"embeddable":true,"href":"https:\/\/imag.umontpellier.fr\/index.php?rest_route=%2Fwp%2Fv2%2Fcomments&post=1172"}],"version-history":[{"count":19,"href":"https:\/\/imag.umontpellier.fr\/index.php?rest_route=\/wp\/v2\/pages\/1172\/revisions"}],"predecessor-version":[{"id":2407,"href":"https:\/\/imag.umontpellier.fr\/index.php?rest_route=\/wp\/v2\/pages\/1172\/revisions\/2407"}],"wp:attachment":[{"href":"https:\/\/imag.umontpellier.fr\/index.php?rest_route=%2Fwp%2Fv2%2Fmedia&parent=1172"}],"curies":[{"name":"wp","href":"https:\/\/api.w.org\/{rel}","templated":true}]}}