{"id":1344,"date":"2023-04-11T10:53:52","date_gmt":"2023-04-11T09:53:52","guid":{"rendered":"https:\/\/imag.umontpellier.fr\/?page_id=1344"},"modified":"2023-04-18T14:47:57","modified_gmt":"2023-04-18T13:47:57","slug":"venir-a-limag","status":"publish","type":"page","link":"https:\/\/imag.umontpellier.fr\/?page_id=1344","title":{"rendered":"Venir \u00e0 l&rsquo;IMAG"},"content":{"rendered":"\n<p>Adresse :<br>Institut Montpelli\u00e9rain Alexander Grothendieck<br>&#8211; B\u00e2timent 9 &#8211;<br>Universit\u00e9 de Montpellier<br>Place Eug\u00e8ne Bataillon<br>34090 Montpellier<\/p>\n\n\n\n<figure class=\"wp-block-image size-large is-resized\"><img loading=\"lazy\" decoding=\"async\" src=\"https:\/\/imag.umontpellier.fr\/wp-content\/uploads\/2023\/04\/Plan-du-campus-2021-1957x2048-1-979x1024.jpg\" alt=\"\" class=\"wp-image-1345\" width=\"899\" height=\"940\" srcset=\"https:\/\/imag.umontpellier.fr\/wp-content\/uploads\/2023\/04\/Plan-du-campus-2021-1957x2048-1-979x1024.jpg 979w, https:\/\/imag.umontpellier.fr\/wp-content\/uploads\/2023\/04\/Plan-du-campus-2021-1957x2048-1-287x300.jpg 287w, https:\/\/imag.umontpellier.fr\/wp-content\/uploads\/2023\/04\/Plan-du-campus-2021-1957x2048-1-768x804.jpg 768w, https:\/\/imag.umontpellier.fr\/wp-content\/uploads\/2023\/04\/Plan-du-campus-2021-1957x2048-1-1468x1536.jpg 1468w, https:\/\/imag.umontpellier.fr\/wp-content\/uploads\/2023\/04\/Plan-du-campus-2021-1957x2048-1-1800x1884.jpg 1800w, https:\/\/imag.umontpellier.fr\/wp-content\/uploads\/2023\/04\/Plan-du-campus-2021-1957x2048-1.jpg 1957w\" sizes=\"auto, (max-width: 899px) 100vw, 899px\" \/><\/figure>\n\n\n\n<p>Pour venir \u00e0 l&rsquo;IMAG depuis la \u00ab\u00a0gare Montpellier St-Roch\u00a0\u00bb, prendre le Tram ligne 1 (direction Mosson), descendre \u00e0 l&rsquo;arr\u00eat \u00ab\u00a0Universit\u00e9s des Sciences et Lettres\u00a0\u00bb, continuez en direction de la \u00ab\u00a0Place Bataillon\u00a0\u00bb, prendre la \u00ab\u00a0rue du Truel\u00a0\u00bb jusqu&rsquo;\u00e0 l&rsquo;acc\u00e8s pi\u00e9ton. Le b\u00e2timent 9 de l&rsquo;IMAG se trouve en face de cette entr\u00e9e.<\/p>\n","protected":false},"excerpt":{"rendered":"<p>Adresse :Institut Montpelli\u00e9rain Alexander Grothendieck&#8211; B\u00e2timent 9 &#8211;Universit\u00e9 de MontpellierPlace Eug\u00e8ne Bataillon34090 Montpellier Pour venir \u00e0 l&rsquo;IMAG depuis la \u00ab\u00a0gare Montpellier St-Roch\u00a0\u00bb, prendre le Tram [&#8230;]<\/p>\n","protected":false},"author":2,"featured_media":0,"parent":0,"menu_order":0,"comment_status":"closed","ping_status":"closed","template":"","meta":{"footnotes":""},"class_list":["post-1344","page","type-page","status-publish","hentry"],"_links":{"self":[{"href":"https:\/\/imag.umontpellier.fr\/index.php?rest_route=\/wp\/v2\/pages\/1344","targetHints":{"allow":["GET"]}}],"collection":[{"href":"https:\/\/imag.umontpellier.fr\/index.php?rest_route=\/wp\/v2\/pages"}],"about":[{"href":"https:\/\/imag.umontpellier.fr\/index.php?rest_route=\/wp\/v2\/types\/page"}],"author":[{"embeddable":true,"href":"https:\/\/imag.umontpellier.fr\/index.php?rest_route=\/wp\/v2\/users\/2"}],"replies":[{"embeddable":true,"href":"https:\/\/imag.umontpellier.fr\/index.php?rest_route=%2Fwp%2Fv2%2Fcomments&post=1344"}],"version-history":[{"count":4,"href":"https:\/\/imag.umontpellier.fr\/index.php?rest_route=\/wp\/v2\/pages\/1344\/revisions"}],"predecessor-version":[{"id":1356,"href":"https:\/\/imag.umontpellier.fr\/index.php?rest_route=\/wp\/v2\/pages\/1344\/revisions\/1356"}],"wp:attachment":[{"href":"https:\/\/imag.umontpellier.fr\/index.php?rest_route=%2Fwp%2Fv2%2Fmedia&parent=1344"}],"curies":[{"name":"wp","href":"https:\/\/api.w.org\/{rel}","templated":true}]}}