{"id":1895,"date":"2024-09-23T12:56:06","date_gmt":"2024-09-23T11:56:06","guid":{"rendered":"https:\/\/imag.umontpellier.fr\/?page_id=1895"},"modified":"2024-09-26T08:59:40","modified_gmt":"2024-09-26T07:59:40","slug":"bibliotheque","status":"publish","type":"page","link":"https:\/\/imag.umontpellier.fr\/?page_id=1895","title":{"rendered":"Biblioth\u00e8que"},"content":{"rendered":"\n<h2 class=\"wp-block-heading has-text-align-center\">Biblioth\u00e8que de Math\u00e9matiques de Montpellier<\/h2>\n\n\n\n<div style=\"height:30px\" aria-hidden=\"true\" class=\"wp-block-spacer\"><\/div>\n\n\n\n<p class=\"has-black-color has-text-color has-link-color has-medium-font-size wp-elements-adae629a9d37f5ec85a519637c1e19cf\"><strong>Coordonn\u00e9es :<\/strong><\/p>\n\n\n\n<div class=\"wp-block-columns is-layout-flex wp-container-core-columns-is-layout-9d6595d7 wp-block-columns-is-layout-flex\">\n<div class=\"wp-block-column is-layout-flow wp-block-column-is-layout-flow\">\n<div class=\"wp-block-columns is-layout-flex wp-container-core-columns-is-layout-9d6595d7 wp-block-columns-is-layout-flex\">\n<div class=\"wp-block-column is-layout-flow wp-block-column-is-layout-flow\">\n<div class=\"wp-block-group is-vertical is-layout-flex wp-container-core-group-is-layout-8cf370e7 wp-block-group-is-layout-flex\">\n<p>Universit\u00e9&nbsp; de Montpellier<\/p>\n\n\n\n<p>Biblioth\u00e8que de math\u00e9matiques<\/p>\n\n\n\n<p>B\u00e2t. 9, Case Courrier 051<\/p>\n\n\n\n<p>Place Eug\u00e8ne Bataillon<\/p>\n\n\n\n<p>34095 Montpellier cedex 5<\/p>\n<\/div>\n<\/div>\n\n\n\n<div class=\"wp-block-column is-layout-flow wp-block-column-is-layout-flow\">\n<div class=\"wp-block-group is-vertical is-layout-flex wp-container-core-group-is-layout-8cf370e7 wp-block-group-is-layout-flex\">\n<p>Courriel : imag-bibli#umontpellier.fr<\/p>\n\n\n\n<p>T\u00e9l : (33) 04.67.14.35.09<\/p>\n\n\n\n<p>Fax: (33) 04.67.14.47.50<\/p>\n<\/div>\n<\/div>\n<\/div>\n<\/div>\n<\/div>\n\n\n\n<p class=\"has-text-align-center\"><strong>HORAIRES D&rsquo;OUVERTURE<\/strong><\/p>\n\n\n\n<p class=\"has-text-align-center\">Lundi : 9h &#8211; 17h<\/p>\n\n\n\n<p class=\"has-text-align-center\">Mardi, jeudi, vendredi : 8h45 &#8211; 17h<\/p>\n\n\n\n<p class=\"has-text-align-center\">Mercredi : 8h45 &#8211; 12h et 13h15 &#8211; 17h<\/p>\n\n\n\n<div style=\"height:50px\" aria-hidden=\"true\" class=\"wp-block-spacer\"><\/div>\n\n\n\n<ul class=\"wp-block-list\">\n<li>Petite exposition permanente A. Grothendieck<\/li>\n\n\n\n<li>Focus : Femmes &amp; Maths<\/li>\n\n\n\n<li>Les maths autrement : romans, BD, mangas, &#8230;<\/li>\n<\/ul>\n\n\n\n<div style=\"height:30px\" aria-hidden=\"true\" class=\"wp-block-spacer\"><\/div>\n\n\n\n<ul class=\"wp-block-list\">\n<li>Biblioth\u00e8que associ\u00e9e \u00e0 la <a href=\"https:\/\/bibliotheques.edu.umontpellier.fr\/\" target=\"_blank\" rel=\"noreferrer noopener\">Biblioth\u00e8que Universitaire de sciences <\/a>de l&rsquo;Universit\u00e9 de Montpellier<\/li>\n\n\n\n<li>Membre du <a href=\"https:\/\/www.rnbm.org\/\" target=\"_blank\" rel=\"noreferrer noopener\">RNBM <\/a>(R\u00e9seau National des Biblioth\u00e8ques de Math\u00e9matiques).<\/li>\n\n\n\n<li>Grand Plateau Technique r\u00e9gional<\/li>\n<\/ul>\n\n\n\n<div style=\"height:30px\" aria-hidden=\"true\" class=\"wp-block-spacer\"><\/div>\n\n\n\n<div class=\"wp-block-columns is-layout-flex wp-container-core-columns-is-layout-9d6595d7 wp-block-columns-is-layout-flex\">\n<div class=\"wp-block-column is-layout-flow wp-block-column-is-layout-flow\">\n<div class=\"wp-block-columns is-layout-flex wp-container-core-columns-is-layout-9d6595d7 wp-block-columns-is-layout-flex\">\n<div class=\"wp-block-column is-layout-flow wp-block-column-is-layout-flow\">\n<p><a href=\"https:\/\/imag.umontpellier.fr\/intra\/Charte-biblio-2.pdf\" target=\"_blank\" rel=\"noreferrer noopener\">CHARTE<\/a><\/p>\n<\/div>\n\n\n\n<div class=\"wp-block-column is-layout-flow wp-block-column-is-layout-flow\">\n<p><a href=\"https:\/\/math022.imag.umontpellier.fr\/\">CATALOGUE<\/a><\/p>\n<\/div>\n<\/div>\n<\/div>\n\n\n\n<div class=\"wp-block-column is-layout-flow wp-block-column-is-layout-flow\">\n<div class=\"wp-block-columns is-layout-flex wp-container-core-columns-is-layout-9d6595d7 wp-block-columns-is-layout-flex\">\n<div class=\"wp-block-column is-layout-flow wp-block-column-is-layout-flow\">\n<p><a href=\"https:\/\/imag.umontpellier.fr\/?page_id=1914\" data-type=\"page\" data-id=\"1914\">PLAN et FONDS<\/a><\/p>\n<\/div>\n\n\n\n<div class=\"wp-block-column is-layout-flow wp-block-column-is-layout-flow\">\n<p><a href=\"https:\/\/imag.umontpellier.fr\/?page_id=1919\" data-type=\"page\" data-id=\"1919\">SERVICES<\/a><\/p>\n<\/div>\n<\/div>\n<\/div>\n<\/div>\n\n\n\n<p><\/p>\n","protected":false},"excerpt":{"rendered":"<p>Biblioth\u00e8que de Math\u00e9matiques de Montpellier Coordonn\u00e9es : Universit\u00e9&nbsp; de Montpellier Biblioth\u00e8que de math\u00e9matiques B\u00e2t. 9, Case Courrier 051 Place Eug\u00e8ne Bataillon 34095 Montpellier cedex 5 [&#8230;]<\/p>\n","protected":false},"author":1,"featured_media":0,"parent":0,"menu_order":0,"comment_status":"closed","ping_status":"closed","template":"","meta":{"footnotes":""},"class_list":["post-1895","page","type-page","status-publish","hentry"],"_links":{"self":[{"href":"https:\/\/imag.umontpellier.fr\/index.php?rest_route=\/wp\/v2\/pages\/1895","targetHints":{"allow":["GET"]}}],"collection":[{"href":"https:\/\/imag.umontpellier.fr\/index.php?rest_route=\/wp\/v2\/pages"}],"about":[{"href":"https:\/\/imag.umontpellier.fr\/index.php?rest_route=\/wp\/v2\/types\/page"}],"author":[{"embeddable":true,"href":"https:\/\/imag.umontpellier.fr\/index.php?rest_route=\/wp\/v2\/users\/1"}],"replies":[{"embeddable":true,"href":"https:\/\/imag.umontpellier.fr\/index.php?rest_route=%2Fwp%2Fv2%2Fcomments&post=1895"}],"version-history":[{"count":22,"href":"https:\/\/imag.umontpellier.fr\/index.php?rest_route=\/wp\/v2\/pages\/1895\/revisions"}],"predecessor-version":[{"id":1942,"href":"https:\/\/imag.umontpellier.fr\/index.php?rest_route=\/wp\/v2\/pages\/1895\/revisions\/1942"}],"wp:attachment":[{"href":"https:\/\/imag.umontpellier.fr\/index.php?rest_route=%2Fwp%2Fv2%2Fmedia&parent=1895"}],"curies":[{"name":"wp","href":"https:\/\/api.w.org\/{rel}","templated":true}]}}