{"id":1914,"date":"2024-09-23T12:54:49","date_gmt":"2024-09-23T11:54:49","guid":{"rendered":"https:\/\/imag.umontpellier.fr\/?page_id=1914"},"modified":"2024-09-23T12:54:50","modified_gmt":"2024-09-23T11:54:50","slug":"fonds-et-plan","status":"publish","type":"page","link":"https:\/\/imag.umontpellier.fr\/?page_id=1914","title":{"rendered":"Fonds et plan"},"content":{"rendered":"\n<h2 class=\"wp-block-heading\">Fonds et plan<\/h2>\n\n\n\n<div style=\"height:30px\" aria-hidden=\"true\" class=\"wp-block-spacer\"><\/div>\n\n\n\n<figure class=\"wp-block-image aligncenter size-full\"><img loading=\"lazy\" decoding=\"async\" width=\"629\" height=\"205\" src=\"https:\/\/imag.umontpellier.fr\/wp-content\/uploads\/2024\/09\/Plan5.jpg\" alt=\"\" class=\"wp-image-1913\" srcset=\"https:\/\/imag.umontpellier.fr\/wp-content\/uploads\/2024\/09\/Plan5.jpg 629w, https:\/\/imag.umontpellier.fr\/wp-content\/uploads\/2024\/09\/Plan5-300x98.jpg 300w\" sizes=\"auto, (max-width: 629px) 100vw, 629px\" \/><\/figure>\n\n\n\n<div class=\"wp-block-group is-vertical is-layout-flex wp-container-core-group-is-layout-8cf370e7 wp-block-group-is-layout-flex\">\n<p>E = fonds enseignement<\/p>\n\n\n\n<p>I = fonds Irem<\/p>\n<\/div>\n\n\n\n<p class=\"has-luminous-vivid-orange-color has-text-color has-link-color has-medium-font-size wp-elements-599d0c16ea0fded180b45efc6d267930\">Fonds recherche :<\/p>\n\n\n\n<ul class=\"wp-block-list\">\n<li>Environ 22000 documents fran\u00e7ais (dont certains datant du XIX\u00e8me si\u00e8cle) et \u00e9trangers : monographies, collections, s\u00e9minaires, colloques, th\u00e8ses\u2026<\/li>\n\n\n\n<li>324 titres de revues, des vid\u00e9os et Cd-rom, MathSciNet (base de donn\u00e9es).<\/li>\n<\/ul>\n\n\n\n<div class=\"wp-block-group is-vertical is-layout-flex wp-container-core-group-is-layout-8cf370e7 wp-block-group-is-layout-flex\">\n<p>Les monographies sont class\u00e9es par th\u00e8mes (classification MSC) et dans chaque th\u00e8mes par ordre alphab\u00e9tique d&rsquo;auteur.<\/p>\n\n\n\n<p>Les revues sont class\u00e9es par ordre alphab\u00e9tique : seules les 20 derni\u00e8res ann\u00e9es sont en acc\u00e8s libre en salle de lecture ; les ann\u00e9es ant\u00e9rieures sont rang\u00e9es dans la salle des compactus et accessibles sur demande aupr\u00e8s du personnel de la biblioth\u00e8que.<\/p>\n<\/div>\n\n\n\n<p class=\"has-luminous-vivid-orange-color has-text-color has-link-color has-medium-font-size wp-elements-3932b2f4c3d7e9427a0b52e9d3b4438b\">Fonds enseignement :<\/p>\n\n\n\n<ul class=\"wp-block-list\">\n<li>Plus de 1600 ouvrages et 6 titres de p\u00e9riodiques en fran\u00e7ais.<\/li>\n<\/ul>\n\n\n\n<p>Les monographies sont class\u00e9es par ordre alphab\u00e9tique d&rsquo;auteur, et les revues par ordre alphab\u00e9tique.<\/p>\n\n\n\n<p class=\"has-luminous-vivid-orange-color has-text-color has-link-color has-medium-font-size wp-elements-a386f8e376ff2d31e16a8f1d2785801a\">Fonds IREM :<\/p>\n\n\n\n<ul class=\"wp-block-list\">\n<li>2500 documents en fran\u00e7ais et 12 titres de p\u00e9riodiques.<\/li>\n<\/ul>\n\n\n\n<p>Les monographies sont class\u00e9es par th\u00e8mes et dans chaque th\u00e8mes par ordre alphab\u00e9tique d&rsquo;auteur.<\/p>\n\n\n\n<p><\/p>\n","protected":false},"excerpt":{"rendered":"<p>Fonds et plan E = fonds enseignement I = fonds Irem Fonds recherche : Les monographies sont class\u00e9es par th\u00e8mes (classification MSC) et dans chaque [&#8230;]<\/p>\n","protected":false},"author":1,"featured_media":0,"parent":0,"menu_order":0,"comment_status":"closed","ping_status":"closed","template":"","meta":{"footnotes":""},"class_list":["post-1914","page","type-page","status-publish","hentry"],"_links":{"self":[{"href":"https:\/\/imag.umontpellier.fr\/index.php?rest_route=\/wp\/v2\/pages\/1914","targetHints":{"allow":["GET"]}}],"collection":[{"href":"https:\/\/imag.umontpellier.fr\/index.php?rest_route=\/wp\/v2\/pages"}],"about":[{"href":"https:\/\/imag.umontpellier.fr\/index.php?rest_route=\/wp\/v2\/types\/page"}],"author":[{"embeddable":true,"href":"https:\/\/imag.umontpellier.fr\/index.php?rest_route=\/wp\/v2\/users\/1"}],"replies":[{"embeddable":true,"href":"https:\/\/imag.umontpellier.fr\/index.php?rest_route=%2Fwp%2Fv2%2Fcomments&post=1914"}],"version-history":[{"count":3,"href":"https:\/\/imag.umontpellier.fr\/index.php?rest_route=\/wp\/v2\/pages\/1914\/revisions"}],"predecessor-version":[{"id":1917,"href":"https:\/\/imag.umontpellier.fr\/index.php?rest_route=\/wp\/v2\/pages\/1914\/revisions\/1917"}],"wp:attachment":[{"href":"https:\/\/imag.umontpellier.fr\/index.php?rest_route=%2Fwp%2Fv2%2Fmedia&parent=1914"}],"curies":[{"name":"wp","href":"https:\/\/api.w.org\/{rel}","templated":true}]}}