{"id":1919,"date":"2024-09-23T14:32:51","date_gmt":"2024-09-23T13:32:51","guid":{"rendered":"https:\/\/imag.umontpellier.fr\/?page_id=1919"},"modified":"2024-09-24T14:58:21","modified_gmt":"2024-09-24T13:58:21","slug":"services","status":"publish","type":"page","link":"https:\/\/imag.umontpellier.fr\/?page_id=1919","title":{"rendered":"Services"},"content":{"rendered":"\n<h2 class=\"wp-block-heading\">Services<\/h2>\n\n\n\n<div style=\"height:30px\" aria-hidden=\"true\" class=\"wp-block-spacer\"><\/div>\n\n\n\n<p><img loading=\"lazy\" decoding=\"async\" width=\"40\" height=\"30\" class=\"wp-image-1921\" style=\"width: 40px;\" src=\"https:\/\/imag.umontpellier.fr\/wp-content\/uploads\/2024\/09\/info-1.png\" alt=\"\"> Aide \u00e0 la recherche bibliographique<\/p>\n\n\n\n<p><img loading=\"lazy\" decoding=\"async\" width=\"37\" height=\"36\" class=\"wp-image-1927\" style=\"width: 37px;\" src=\"https:\/\/imag.umontpellier.fr\/wp-content\/uploads\/2024\/09\/ordi.png\" alt=\"\"> Ordinateur : 1 poste en libre acc\u00e8s pour la consultation du catalogue<\/p>\n\n\n\n<p><img loading=\"lazy\" decoding=\"async\" width=\"37\" height=\"33\" class=\"wp-image-1929\" style=\"width: 37px;\" src=\"https:\/\/imag.umontpellier.fr\/wp-content\/uploads\/2024\/09\/photocop.png\" alt=\"\"> Photocopies : Un photocopieur est \u00e0 \u00a0disposition \u00a0pour les photocopies de documents de la biblioth\u00e8que (dans le respect du droit d\u2019auteur et du droit de copie)<\/p>\n\n\n\n<p><img loading=\"lazy\" decoding=\"async\" width=\"37\" height=\"37\" class=\"wp-image-1928\" style=\"width: 37px;\" src=\"https:\/\/imag.umontpellier.fr\/wp-content\/uploads\/2024\/09\/peb.png\" alt=\"\"> Service de PEB pour les doctorants, les enseignants-chercheurs et les chercheurs de l\u2019IMAG et du DM<\/p>\n\n\n\n<p><img loading=\"lazy\" decoding=\"async\" width=\"35\" height=\"35\" class=\"wp-image-1931\" style=\"width: 35px;\" src=\"https:\/\/imag.umontpellier.fr\/wp-content\/uploads\/2024\/09\/Nouvelle-image.png\" alt=\"\" srcset=\"https:\/\/imag.umontpellier.fr\/wp-content\/uploads\/2024\/09\/Nouvelle-image.png 200w, https:\/\/imag.umontpellier.fr\/wp-content\/uploads\/2024\/09\/Nouvelle-image-150x150.png 150w\" sizes=\"auto, (max-width: 35px) 100vw, 35px\" \/> Petite salle de travail, \u00e9quip\u00e9e d\u2019un tableau<\/p>\n\n\n\n<p><img loading=\"lazy\" decoding=\"async\" width=\"40\" height=\"29\" class=\"wp-image-1930\" style=\"width: 40px;\" src=\"https:\/\/imag.umontpellier.fr\/wp-content\/uploads\/2024\/09\/handi.png\" alt=\"\"> Biblioth\u00e8que accessible aux personnes en situation de handicap<\/p>\n\n\n\n<p><\/p>\n","protected":false},"excerpt":{"rendered":"<p>Services Aide \u00e0 la recherche bibliographique Ordinateur : 1 poste en libre acc\u00e8s pour la consultation du catalogue Photocopies : Un photocopieur est \u00e0 \u00a0disposition [&#8230;]<\/p>\n","protected":false},"author":1,"featured_media":0,"parent":0,"menu_order":0,"comment_status":"closed","ping_status":"closed","template":"","meta":{"footnotes":""},"class_list":["post-1919","page","type-page","status-publish","hentry"],"_links":{"self":[{"href":"https:\/\/imag.umontpellier.fr\/index.php?rest_route=\/wp\/v2\/pages\/1919","targetHints":{"allow":["GET"]}}],"collection":[{"href":"https:\/\/imag.umontpellier.fr\/index.php?rest_route=\/wp\/v2\/pages"}],"about":[{"href":"https:\/\/imag.umontpellier.fr\/index.php?rest_route=\/wp\/v2\/types\/page"}],"author":[{"embeddable":true,"href":"https:\/\/imag.umontpellier.fr\/index.php?rest_route=\/wp\/v2\/users\/1"}],"replies":[{"embeddable":true,"href":"https:\/\/imag.umontpellier.fr\/index.php?rest_route=%2Fwp%2Fv2%2Fcomments&post=1919"}],"version-history":[{"count":5,"href":"https:\/\/imag.umontpellier.fr\/index.php?rest_route=\/wp\/v2\/pages\/1919\/revisions"}],"predecessor-version":[{"id":1936,"href":"https:\/\/imag.umontpellier.fr\/index.php?rest_route=\/wp\/v2\/pages\/1919\/revisions\/1936"}],"wp:attachment":[{"href":"https:\/\/imag.umontpellier.fr\/index.php?rest_route=%2Fwp%2Fv2%2Fmedia&parent=1919"}],"curies":[{"name":"wp","href":"https:\/\/api.w.org\/{rel}","templated":true}]}}