{"id":396,"date":"2022-01-18T10:55:24","date_gmt":"2022-01-18T09:55:24","guid":{"rendered":"https:\/\/imag.umontpellier.fr\/wordpress\/?page_id=396"},"modified":"2026-02-20T14:26:56","modified_gmt":"2026-02-20T13:26:56","slug":"organisation","status":"publish","type":"page","link":"https:\/\/imag.umontpellier.fr\/?page_id=396","title":{"rendered":"Organisation"},"content":{"rendered":"\n<p>L\u2019IMAG est organis\u00e9 en <a href=\"https:\/\/imag.umontpellier.fr\/?page_id=398\" data-type=\"page\" data-id=\"398\">\u00e9quipes de recherche<\/a> et en <a href=\"https:\/\/imag.umontpellier.fr\/?page_id=402\">services d\u2019appui \u00e0 la recherche<\/a> et dirig\u00e9 par <a href=\"https:\/\/imag.umontpellier.fr\/~herzlich\/\" target=\"_blank\" rel=\"noreferrer noopener\">Marc Herzlich<\/a>.<\/p>\n\n\n\n<p><a href=\"https:\/\/imag.umontpellier.fr\/intra\/Organigramme-IMAG-2026-fev.pdf\" target=\"_blank\" rel=\"noreferrer noopener\">Organigramme de l\u2019IMAG<\/a><\/p>\n\n\n\n<h3 class=\"wp-block-heading\" id=\"le-comite-de-direction\">Le comit\u00e9 de direction<\/h3>\n\n\n\n<p>Le comit\u00e9 de direction est l\u2019instance o\u00f9 sont prises les d\u00e9cisions sur le fonctionnement du laboratoire. Il est compos\u00e9 du directeur, des responsables des \u00e9quipes de recherche et de la responsable administrative et se r\u00e9unit en moyenne deux fois par mois.<\/p>\n\n\n\n<p>Il est compos\u00e9 de :<\/p>\n\n\n\n<ul class=\"wp-block-list\">\n<li>Marc Herzlich, directeur<\/li>\n\n\n\n<li>Nathalie Collain, responsable administrative<\/li>\n\n\n\n<li>Beno\u00eete de Saporta, responsable de l\u2019\u00e9quipe EPS<\/li>\n\n\n\n<li>Damien Calaque, responsable de l\u2019\u00e9quipe GTA<\/li>\n\n\n\n<li>Nicolas Seguin, responsable de l\u2019\u00e9quipe MACS<\/li>\n\n\n\n<li>Nicolas Saby, responsable de l\u2019\u00e9quipe DEMa<\/li>\n<\/ul>\n\n\n\n<h3 class=\"wp-block-heading\" id=\"le-conseil-de-laboratoire\">Le conseil de laboratoire<\/h3>\n\n\n\n<p>Le conseil de laboratoire est compos\u00e9 de 15 membres dont :<\/p>\n\n\n\n<ul class=\"wp-block-list\">\n<li>un membre de droit : le directeur d\u2019unit\u00e9<\/li>\n\n\n\n<li>8 membres \u00e9lus :<br>S. Baseilhac, J. Brieussel, S. Brochard, B. Chapuisat, T. Delcroix, G. Didier, J. Guerand, O. Rossini<\/li>\n\n\n\n<li>6 membres nomm\u00e9s :<br>D. Calaque, B. de Saporta, J. Droniou, M. Hillairet, N. Saby, N. Seguin<\/li>\n<\/ul>\n\n\n\n<p>La responsable administrative est membre invit\u00e9e permanente. Le conseil de laboratoire se r\u00e9unit en moyenne tous les trois mois et son avis est r\u00e9guli\u00e8rement consult\u00e9 par la direction sur toutes les questions relatives \u00e0 la vie et au fonctionnement du laboratoire.<\/p>\n","protected":false},"excerpt":{"rendered":"<p>L\u2019IMAG est organis\u00e9 en \u00e9quipes de recherche et en services d\u2019appui \u00e0 la recherche et dirig\u00e9 par Marc Herzlich. Organigramme de l\u2019IMAG Le comit\u00e9 de [&#8230;]<\/p>\n","protected":false},"author":2,"featured_media":0,"parent":223,"menu_order":0,"comment_status":"closed","ping_status":"closed","template":"","meta":{"footnotes":""},"class_list":["post-396","page","type-page","status-publish","hentry"],"_links":{"self":[{"href":"https:\/\/imag.umontpellier.fr\/index.php?rest_route=\/wp\/v2\/pages\/396","targetHints":{"allow":["GET"]}}],"collection":[{"href":"https:\/\/imag.umontpellier.fr\/index.php?rest_route=\/wp\/v2\/pages"}],"about":[{"href":"https:\/\/imag.umontpellier.fr\/index.php?rest_route=\/wp\/v2\/types\/page"}],"author":[{"embeddable":true,"href":"https:\/\/imag.umontpellier.fr\/index.php?rest_route=\/wp\/v2\/users\/2"}],"replies":[{"embeddable":true,"href":"https:\/\/imag.umontpellier.fr\/index.php?rest_route=%2Fwp%2Fv2%2Fcomments&post=396"}],"version-history":[{"count":20,"href":"https:\/\/imag.umontpellier.fr\/index.php?rest_route=\/wp\/v2\/pages\/396\/revisions"}],"predecessor-version":[{"id":2542,"href":"https:\/\/imag.umontpellier.fr\/index.php?rest_route=\/wp\/v2\/pages\/396\/revisions\/2542"}],"up":[{"embeddable":true,"href":"https:\/\/imag.umontpellier.fr\/index.php?rest_route=\/wp\/v2\/pages\/223"}],"wp:attachment":[{"href":"https:\/\/imag.umontpellier.fr\/index.php?rest_route=%2Fwp%2Fv2%2Fmedia&parent=396"}],"curies":[{"name":"wp","href":"https:\/\/api.w.org\/{rel}","templated":true}]}}