{"id":398,"date":"2022-01-18T10:56:46","date_gmt":"2022-01-18T09:56:46","guid":{"rendered":"https:\/\/imag.umontpellier.fr\/wordpress\/?page_id=398"},"modified":"2025-12-19T11:00:10","modified_gmt":"2025-12-19T10:00:10","slug":"equipes-de-recherche","status":"publish","type":"page","link":"https:\/\/imag.umontpellier.fr\/?page_id=398","title":{"rendered":"\u00c9quipes de recherche"},"content":{"rendered":"\n<h2 class=\"wp-block-heading\">\u00c9quipes de recherche<\/h2>\n\n\n\n<ul class=\"wp-block-list\">\n<li><a href=\"https:\/\/imag.umontpellier.fr\/?page_id=106\" data-type=\"page\" target=\"_blank\" rel=\"noreferrer noopener\">Didactique, \u00c9pist\u00e9mologie des Math\u00e9matiques &#8211; DEMa<\/a><\/li>\n\n\n\n<li><a href=\"https:\/\/imag.umontpellier.fr\/?page_id=423\" target=\"_blank\" rel=\"noreferrer noopener\">\u00c9quipe Probabilit\u00e9s et Statistique &#8211; EPS<\/a><\/li>\n\n\n\n<li><a href=\"https:\/\/imag.umontpellier.fr\/?page_id=420\" target=\"_blank\" rel=\"noreferrer noopener\">G\u00e9om\u00e9trie, Topologie et Alg\u00e8bre &#8211; GTA<\/a><\/li>\n\n\n\n<li><a href=\"https:\/\/imag.umontpellier.fr\/?page_id=425\" target=\"_blank\" rel=\"noreferrer noopener\">Littoral, Environment: MOdels and Numerics &#8211; LEMON<\/a><\/li>\n\n\n\n<li><a href=\"https:\/\/imag.umontpellier.fr\/?page_id=104\" target=\"_blank\" rel=\"noreferrer noopener\">Mod\u00e9lisation, Analyse et Calcul Scientifique &#8211; MACS<\/a><\/li>\n<\/ul>\n\n\n\n<p><\/p>\n","protected":false},"excerpt":{"rendered":"<p>\u00c9quipes de recherche<\/p>\n","protected":false},"author":1,"featured_media":0,"parent":223,"menu_order":0,"comment_status":"closed","ping_status":"closed","template":"","meta":{"footnotes":""},"class_list":["post-398","page","type-page","status-publish","hentry"],"_links":{"self":[{"href":"https:\/\/imag.umontpellier.fr\/index.php?rest_route=\/wp\/v2\/pages\/398","targetHints":{"allow":["GET"]}}],"collection":[{"href":"https:\/\/imag.umontpellier.fr\/index.php?rest_route=\/wp\/v2\/pages"}],"about":[{"href":"https:\/\/imag.umontpellier.fr\/index.php?rest_route=\/wp\/v2\/types\/page"}],"author":[{"embeddable":true,"href":"https:\/\/imag.umontpellier.fr\/index.php?rest_route=\/wp\/v2\/users\/1"}],"replies":[{"embeddable":true,"href":"https:\/\/imag.umontpellier.fr\/index.php?rest_route=%2Fwp%2Fv2%2Fcomments&post=398"}],"version-history":[{"count":6,"href":"https:\/\/imag.umontpellier.fr\/index.php?rest_route=\/wp\/v2\/pages\/398\/revisions"}],"predecessor-version":[{"id":2487,"href":"https:\/\/imag.umontpellier.fr\/index.php?rest_route=\/wp\/v2\/pages\/398\/revisions\/2487"}],"up":[{"embeddable":true,"href":"https:\/\/imag.umontpellier.fr\/index.php?rest_route=\/wp\/v2\/pages\/223"}],"wp:attachment":[{"href":"https:\/\/imag.umontpellier.fr\/index.php?rest_route=%2Fwp%2Fv2%2Fmedia&parent=398"}],"curies":[{"name":"wp","href":"https:\/\/api.w.org\/{rel}","templated":true}]}}