{"id":402,"date":"2022-01-18T10:58:14","date_gmt":"2022-01-18T09:58:14","guid":{"rendered":"https:\/\/imag.umontpellier.fr\/wordpress\/?page_id=402"},"modified":"2025-12-19T10:09:12","modified_gmt":"2025-12-19T09:09:12","slug":"services-dappuis-a-la-recherche","status":"publish","type":"page","link":"https:\/\/imag.umontpellier.fr\/?page_id=402","title":{"rendered":"Services d&rsquo;appui \u00e0 la recherche"},"content":{"rendered":"\n<h2 class=\"wp-block-heading\"><strong>L&rsquo;\u00e9quipe de gestion administrative et financi\u00e8re<\/strong><\/h2>\n\n\n\n<p>L&rsquo;\u00e9quipe prend en charge la gestion financi\u00e8re et comptable des moyens affect\u00e9s par les \u00e9tablissements tutelles et des cr\u00e9dits sur conventions de recherche.<br> Elle assure un accompagnement au quotidien des chercheurs pour leurs activit\u00e9s (achats, missions, colloques, contrats, \u2026) et apporte un appui de proximit\u00e9 lors de l\u2019organisation des conf\u00e9rences organis\u00e9es par le laboratoire.<\/p>\n\n\n\n<p>Coordonn\u00e9e par la responsable administrative,&nbsp; elle est compos\u00e9e de :<\/p>\n\n\n\n<ul class=\"wp-block-list\">\n<li><a href=\"https:\/\/imag.umontpellier.fr\/?page_id=524&amp;id=219\" target=\"_blank\" rel=\"noreferrer noopener\">Karine Bonnet<\/a> (projet ERC Nemesis)<\/li>\n\n\n\n<li><a href=\"https:\/\/imag.umontpellier.fr\/?page_id=524&amp;id=36\" target=\"_blank\" rel=\"noreferrer noopener\">Sophie Cazanave Pin<\/a> (\u00e9quipe EPS)<\/li>\n\n\n\n<li><a href=\"https:\/\/imag.umontpellier.fr\/?page_id=524&amp;id=57\" target=\"_blank\" rel=\"noreferrer noopener\">C\u00e9line Dricot<\/a> (cr\u00e9dits MUSE et \u00e9quipe MACS)<\/li>\n\n\n\n<li><a href=\"https:\/\/imag.umontpellier.fr\/?page_id=524&amp;id=104\" target=\"_blank\" rel=\"noreferrer noopener\">Carmela Madonia<\/a> (\u00e9quipes GTA et DEMa)<\/li>\n<\/ul>\n\n\n\n<hr class=\"wp-block-separator has-text-color has-white-color has-css-opacity has-white-background-color has-background is-style-dots\"\/>\n\n\n\n<h2 class=\"wp-block-heading\"><strong>La cellule RH<\/strong><\/h2>\n\n\n\n<p>La cellule RH a pour mission de g\u00e9rer l\u2019accueil des nouveaux membres de l\u2019IMAG (permanents, CDD, doctorants, stagiaires et invit\u00e9s) :<\/p>\n\n\n\n<ul class=\"wp-block-list\">\n<li>accueil et information aux arrivants sur les d\u00e9marches administratives \u00e0 r\u00e9aliser<\/li>\n\n\n\n<li>pr\u00e9paration des dossiers de recrutements de CDD sur ressources propres<\/li>\n\n\n\n<li>affectation des espaces de travail<\/li>\n\n\n\n<li>suivi des conventions de stage<\/li>\n\n\n\n<li>liaisons avec l\u2019\u00e9cole doctorale et les services de l\u2019Universit\u00e9<\/li>\n<\/ul>\n\n\n\n<p>Elle est compos\u00e9e de Nathalie Collain et Sophie Cazanave Pin et peut-\u00eatre sollicit\u00e9e \u00e0 l\u2019adresse :<br><a href=\"mailto:imag-rh@umontpellier.fr\">imag-rh@umontpellier.fr<\/a>      <\/p>\n\n\n\n<hr class=\"wp-block-separator has-text-color has-white-color has-css-opacity has-white-background-color has-background is-style-dots\"\/>\n\n\n\n<h2 class=\"wp-block-heading\"><strong>L&rsquo;\u00e9quipe informatique<\/strong><\/h2>\n\n\n\n<p>L&rsquo;\u00e9quipe informatique a pour mission :<\/p>\n\n\n\n<ul class=\"wp-block-list\">\n<li>la maintenance et l\u2019utilisation de l\u2019ensemble des moyens informatiques de l\u2019IMAG (administration de serveurs et bases de donn\u00e9es)<\/li>\n\n\n\n<li>l\u2019appui \u00e0 la recherche sur des probl\u00e9matiques propres aux Math\u00e9matiques (calculs, \u00e9laboration de codes\u2026)<\/li>\n\n\n\n<li>l\u2019assistance informatique aux utilisateurs pour tous les membres du laboratoire<\/li>\n\n\n\n<li>la gestion et la maintenance du site Internet de l\u2019IMAG<\/li>\n<\/ul>\n\n\n\n<p>Elle est compos\u00e9e de :<\/p>\n\n\n\n<ul class=\"wp-block-list\">\n<li>Baptiste Chapuisat<\/li>\n\n\n\n<li>Fran\u00e7ois-David Collin<\/li>\n\n\n\n<li>R\u00e9my Dubois<\/li>\n<\/ul>\n\n\n\n<hr class=\"wp-block-separator has-text-color has-white-color has-css-opacity has-white-background-color has-background is-style-dots\"\/>\n\n\n\n<h2 class=\"wp-block-heading\"><strong>La biblioth\u00e8que de Math\u00e9matiques<\/strong> <\/h2>\n\n\n\n<p>La biblioth\u00e8que de Math\u00e9matiques est l\u2019unique p\u00f4le documentaire math\u00e9matique de la r\u00e9gion Occitanie Est. Associ\u00e9e \u00e0 la Biblioth\u00e8que Universitaire des sciences de l\u2019Universit\u00e9 de Montpellier, elle est \u00e9galement membre du RNBM (R\u00e9seau National des Biblioth\u00e8ques de Math\u00e9matiques).<\/p>\n\n\n\n<p>Biblioth\u00e8que de recherche et d\u2019enseignement, son fonds multilingue offre \u00e0 ses usagers&nbsp;:&nbsp;&nbsp;<\/p>\n\n\n\n<ul class=\"wp-block-list\">\n<li>une documentation couvrant&nbsp;les math\u00e9matiques et leurs interactions, informatique, physique th\u00e9orique et astroparticules<\/li>\n\n\n\n<li>un fonds recherche sur l\u2019enseignement des math\u00e9matiques&nbsp; &nbsp;<\/li>\n\n\n\n<li>un fonds relatif \u00e0 la pr\u00e9paration des concours du CAPES et de l\u2019agr\u00e9gation math\u00e9matiques.<\/li>\n<\/ul>\n\n\n\n<p>Elle est g\u00e9r\u00e9e par :<\/p>\n\n\n\n<ul class=\"wp-block-list\">\n<li>Catherine Araspin<\/li>\n\n\n\n<li>Jean-Baptiste Brisson<\/li>\n<\/ul>\n\n\n\n<p>Contact : <a href=\"mailto:imag-bibli@umontpellier.fr\" target=\"_blank\" rel=\"noreferrer noopener\">imag-bibli@umontpellier.fr<\/a><br>Site Web&nbsp;: <a href=\"https:\/\/imag.umontpellier.fr\/?page_id=1895\" target=\"_blank\" rel=\"noreferrer noopener\">https:\/\/imag.umontpellier.fr\/?page_id=1895<\/a><\/p>\n\n\n\n<p><\/p>\n","protected":false},"excerpt":{"rendered":"<p>L&rsquo;\u00e9quipe de gestion administrative et financi\u00e8re L&rsquo;\u00e9quipe prend en charge la gestion financi\u00e8re et comptable des moyens affect\u00e9s par les \u00e9tablissements tutelles et des cr\u00e9dits [&#8230;]<\/p>\n","protected":false},"author":2,"featured_media":0,"parent":223,"menu_order":0,"comment_status":"closed","ping_status":"closed","template":"","meta":{"footnotes":""},"class_list":["post-402","page","type-page","status-publish","hentry"],"_links":{"self":[{"href":"https:\/\/imag.umontpellier.fr\/index.php?rest_route=\/wp\/v2\/pages\/402","targetHints":{"allow":["GET"]}}],"collection":[{"href":"https:\/\/imag.umontpellier.fr\/index.php?rest_route=\/wp\/v2\/pages"}],"about":[{"href":"https:\/\/imag.umontpellier.fr\/index.php?rest_route=\/wp\/v2\/types\/page"}],"author":[{"embeddable":true,"href":"https:\/\/imag.umontpellier.fr\/index.php?rest_route=\/wp\/v2\/users\/2"}],"replies":[{"embeddable":true,"href":"https:\/\/imag.umontpellier.fr\/index.php?rest_route=%2Fwp%2Fv2%2Fcomments&post=402"}],"version-history":[{"count":16,"href":"https:\/\/imag.umontpellier.fr\/index.php?rest_route=\/wp\/v2\/pages\/402\/revisions"}],"predecessor-version":[{"id":2481,"href":"https:\/\/imag.umontpellier.fr\/index.php?rest_route=\/wp\/v2\/pages\/402\/revisions\/2481"}],"up":[{"embeddable":true,"href":"https:\/\/imag.umontpellier.fr\/index.php?rest_route=\/wp\/v2\/pages\/223"}],"wp:attachment":[{"href":"https:\/\/imag.umontpellier.fr\/index.php?rest_route=%2Fwp%2Fv2%2Fmedia&parent=402"}],"curies":[{"name":"wp","href":"https:\/\/api.w.org\/{rel}","templated":true}]}}