{"id":404,"date":"2022-01-18T10:58:47","date_gmt":"2022-01-18T09:58:47","guid":{"rendered":"https:\/\/imag.umontpellier.fr\/wordpress\/?page_id=404"},"modified":"2023-05-12T15:57:03","modified_gmt":"2023-05-12T14:57:03","slug":"enseignement-formation","status":"publish","type":"page","link":"https:\/\/imag.umontpellier.fr\/?page_id=404","title":{"rendered":"Enseignement &#038; Formation"},"content":{"rendered":"\n<p>L&rsquo;IMAG participe activement \u00e0 la formation de jeunes chercheurs de haut niveau en Math\u00e9matiques.<br>L&rsquo;Institut travaille, pour la formation doctorale,&nbsp; en \u00e9troite collaboration avec l&rsquo;<strong>\u00e9cole doctorale <\/strong><a rel=\"noreferrer noopener\" href=\"https:\/\/edi2s.umontpellier.fr\/\" target=\"_blank\"><strong>Information Structures Syst\u00e8mes (I2S)<\/strong><\/a>. Les doctorants de l&rsquo;IMAG sont en grande majorit\u00e9 rattach\u00e9s \u00e0 l&rsquo;\u00e9cole doctorale I2S.<\/p>\n\n\n\n<p>Les enseignants-chercheurs de l\u2019IMAG sont pour la plupart enseignants dans les <strong>composantes d&rsquo;enseignement<\/strong> des \u00e9tablissements suivants :<\/p>\n\n\n\n<ul class=\"wp-block-list\">\n<li>l&rsquo;<a href=\"https:\/\/www.umontpellier.fr\/\" target=\"_blank\" rel=\"noreferrer noopener\">Universit\u00e9 de Montpellier<\/a><\/li>\n\n\n\n<li>l&rsquo;<a href=\"https:\/\/www.univ-montp3.fr\/\" target=\"_blank\" rel=\"noreferrer noopener\">Universit\u00e9 Paul Val\u00e9ry Montpellier 3<\/a><\/li>\n<\/ul>\n\n\n\n<p>Ils sont investis dans les parcours de formation <a rel=\"noreferrer noopener\" href=\"https:\/\/maths-fds.edu.umontpellier.fr\/licence\/\" target=\"_blank\">Licence<\/a> et <a rel=\"noreferrer noopener\" href=\"https:\/\/maths-fds.edu.umontpellier.fr\/master\/\" target=\"_blank\">Master<\/a> propos\u00e9s au sein du <a rel=\"noreferrer noopener\" href=\"https:\/\/maths-fds.edu.umontpellier.fr\/\" target=\"_blank\">D\u00e9partement <\/a><a href=\"https:\/\/maths-fds.edu.umontpellier.fr\/\">de Math\u00e9matiques<\/a> de la Facult\u00e9 des Sciences de l\u2019Universit\u00e9 de Montpellier,&nbsp; de <a rel=\"noreferrer noopener\" href=\"https:\/\/www.polytech.umontpellier.fr\/formation\" target=\"_blank\">Polytech Montpellier<\/a>, de l\u2019<a rel=\"noreferrer noopener\" href=\"https:\/\/ufr6.www.univ-montp3.fr\/fr\/d%C3%A9partements\/miap-math%C3%A9matiques-et-informatique-appliqu%C3%A9es\" target=\"_blank\">Universit\u00e9 Paul Val\u00e9ry<\/a> et des IUT de <a href=\"https:\/\/iut-montpellier-sete.edu.umontpellier.fr\/\" target=\"_blank\" rel=\"noreferrer noopener\">Montpellier\/S\u00e8te<\/a>, de <a href=\"https:\/\/formations.umontpellier.fr\/fr\/offre-de-formation\/rechercher-une-formation.html\" target=\"_blank\" rel=\"noreferrer noopener\">N\u00eemes<\/a> et de <a href=\"https:\/\/formations.umontpellier.fr\/fr\/offre-de-formation\/rechercher-une-formation.html\" target=\"_blank\" rel=\"noreferrer noopener\">B\u00e9ziers<\/a>.<\/p>\n","protected":false},"excerpt":{"rendered":"<p>L&rsquo;IMAG participe activement \u00e0 la formation de jeunes chercheurs de haut niveau en Math\u00e9matiques.L&rsquo;Institut travaille, pour la formation doctorale,&nbsp; en \u00e9troite collaboration avec l&rsquo;\u00e9cole doctorale [&#8230;]<\/p>\n","protected":false},"author":2,"featured_media":0,"parent":217,"menu_order":0,"comment_status":"closed","ping_status":"closed","template":"","meta":{"footnotes":""},"class_list":["post-404","page","type-page","status-publish","hentry"],"_links":{"self":[{"href":"https:\/\/imag.umontpellier.fr\/index.php?rest_route=\/wp\/v2\/pages\/404","targetHints":{"allow":["GET"]}}],"collection":[{"href":"https:\/\/imag.umontpellier.fr\/index.php?rest_route=\/wp\/v2\/pages"}],"about":[{"href":"https:\/\/imag.umontpellier.fr\/index.php?rest_route=\/wp\/v2\/types\/page"}],"author":[{"embeddable":true,"href":"https:\/\/imag.umontpellier.fr\/index.php?rest_route=\/wp\/v2\/users\/2"}],"replies":[{"embeddable":true,"href":"https:\/\/imag.umontpellier.fr\/index.php?rest_route=%2Fwp%2Fv2%2Fcomments&post=404"}],"version-history":[{"count":9,"href":"https:\/\/imag.umontpellier.fr\/index.php?rest_route=\/wp\/v2\/pages\/404\/revisions"}],"predecessor-version":[{"id":1465,"href":"https:\/\/imag.umontpellier.fr\/index.php?rest_route=\/wp\/v2\/pages\/404\/revisions\/1465"}],"up":[{"embeddable":true,"href":"https:\/\/imag.umontpellier.fr\/index.php?rest_route=\/wp\/v2\/pages\/217"}],"wp:attachment":[{"href":"https:\/\/imag.umontpellier.fr\/index.php?rest_route=%2Fwp%2Fv2%2Fmedia&parent=404"}],"curies":[{"name":"wp","href":"https:\/\/api.w.org\/{rel}","templated":true}]}}