{"id":415,"date":"2022-01-18T11:20:50","date_gmt":"2022-01-18T10:20:50","guid":{"rendered":"https:\/\/imag.umontpellier.fr\/wordpress\/?page_id=415"},"modified":"2023-05-02T08:31:53","modified_gmt":"2023-05-02T07:31:53","slug":"recherche","status":"publish","type":"page","link":"https:\/\/imag.umontpellier.fr\/?page_id=415","title":{"rendered":"Recherche"},"content":{"rendered":"\n<p>L&rsquo;IMAG est l&rsquo;institut de math\u00e9matiques de l&rsquo;<a rel=\"noreferrer noopener\" href=\"https:\/\/www.umontpellier.fr\/\" target=\"_blank\">Universit\u00e9 de Montpellier<\/a> et le portail vers les math\u00e9matiques pour l&rsquo;Occitanie Est.<br> L&rsquo;Institut produit une recherche de haut niveau, couvrant un spectre tr\u00e8s large, allant des math\u00e9matiques fondamentales aux applications industrielles.<br>Les chercheurs et enseignants-chercheurs de l&rsquo;IMAG sont r\u00e9partis en <a href=\"https:\/\/imag.umontpellier.fr\/?page_id=398\">4 \u00e9quipes<\/a>.<\/p>\n\n\n\n<p><\/p>\n\n\n\n<p><\/p>\n","protected":false},"excerpt":{"rendered":"<p>L&rsquo;IMAG est l&rsquo;institut de math\u00e9matiques de l&rsquo;Universit\u00e9 de Montpellier et le portail vers les math\u00e9matiques pour l&rsquo;Occitanie Est. L&rsquo;Institut produit une recherche de haut niveau, [&#8230;]<\/p>\n","protected":false},"author":2,"featured_media":0,"parent":217,"menu_order":0,"comment_status":"closed","ping_status":"closed","template":"","meta":{"footnotes":""},"class_list":["post-415","page","type-page","status-publish","hentry"],"_links":{"self":[{"href":"https:\/\/imag.umontpellier.fr\/index.php?rest_route=\/wp\/v2\/pages\/415","targetHints":{"allow":["GET"]}}],"collection":[{"href":"https:\/\/imag.umontpellier.fr\/index.php?rest_route=\/wp\/v2\/pages"}],"about":[{"href":"https:\/\/imag.umontpellier.fr\/index.php?rest_route=\/wp\/v2\/types\/page"}],"author":[{"embeddable":true,"href":"https:\/\/imag.umontpellier.fr\/index.php?rest_route=\/wp\/v2\/users\/2"}],"replies":[{"embeddable":true,"href":"https:\/\/imag.umontpellier.fr\/index.php?rest_route=%2Fwp%2Fv2%2Fcomments&post=415"}],"version-history":[{"count":6,"href":"https:\/\/imag.umontpellier.fr\/index.php?rest_route=\/wp\/v2\/pages\/415\/revisions"}],"predecessor-version":[{"id":1373,"href":"https:\/\/imag.umontpellier.fr\/index.php?rest_route=\/wp\/v2\/pages\/415\/revisions\/1373"}],"up":[{"embeddable":true,"href":"https:\/\/imag.umontpellier.fr\/index.php?rest_route=\/wp\/v2\/pages\/217"}],"wp:attachment":[{"href":"https:\/\/imag.umontpellier.fr\/index.php?rest_route=%2Fwp%2Fv2%2Fmedia&parent=415"}],"curies":[{"name":"wp","href":"https:\/\/api.w.org\/{rel}","templated":true}]}}