{"id":425,"date":"2022-01-18T13:39:41","date_gmt":"2022-01-18T12:39:41","guid":{"rendered":"https:\/\/imag.umontpellier.fr\/wordpress\/?page_id=425"},"modified":"2025-07-10T13:00:20","modified_gmt":"2025-07-10T12:00:20","slug":"lemon","status":"publish","type":"page","link":"https:\/\/imag.umontpellier.fr\/?page_id=425","title":{"rendered":"\u00c9quipes-projets communes Inria"},"content":{"rendered":"\n<h2 class=\"wp-block-heading is-style-default\" id=\"geometrie-topologie-et-algebre\">LEMON &#8211; EPC Inria : <strong>Littoral, Environment: MOdels and Numerics<\/strong><\/h2>\n\n\n\n<p>Responsable : <a rel=\"noreferrer noopener\" href=\"https:\/\/team.inria.fr\/lemon\/antoine\/\" target=\"_blank\">Antoine Rousseau<\/a><\/p>\n\n\n\n<p><a href=\"https:\/\/team.inria.fr\/lemon\/members\/\" target=\"_blank\" rel=\"noreferrer noopener\">Composition de l&rsquo;\u00e9quipe<\/a><\/p>\n\n\n\n<h2 class=\"wp-block-heading\" id=\"themes-de-recherche\"><strong>Pr\u00e9sentation :<\/strong><\/h2>\n\n\n\n<p>L\u2019\u00e9quipe projet LEMON est une \u00e9quipe de recherche interdisciplinaire entre l\u2019Inria Sophia-Antipolis M\u00e9diterran\u00e9e, Hydrosciences Montpellier (HSM) et l\u2019Institut Montpelli\u00e9rain Alexander Grothendieck (IMAG), qui a \u00e9t\u00e9 cr\u00e9\u00e9e au 1er janvier 2019, sous la direction d\u2019Antoine Rousseau.<\/p>\n\n\n\n<p>page web INRIA <a rel=\"noreferrer noopener\" href=\"https:\/\/team.inria.fr\/lemon\/\" target=\"_blank\">LEMON<\/a><\/p>\n","protected":false},"excerpt":{"rendered":"<p>LEMON &#8211; EPC Inria : Littoral, Environment: MOdels and Numerics Responsable : Antoine Rousseau Composition de l&rsquo;\u00e9quipe Pr\u00e9sentation : L\u2019\u00e9quipe projet LEMON est une \u00e9quipe [&#8230;]<\/p>\n","protected":false},"author":2,"featured_media":0,"parent":398,"menu_order":0,"comment_status":"closed","ping_status":"closed","template":"","meta":{"footnotes":""},"class_list":["post-425","page","type-page","status-publish","hentry"],"_links":{"self":[{"href":"https:\/\/imag.umontpellier.fr\/index.php?rest_route=\/wp\/v2\/pages\/425","targetHints":{"allow":["GET"]}}],"collection":[{"href":"https:\/\/imag.umontpellier.fr\/index.php?rest_route=\/wp\/v2\/pages"}],"about":[{"href":"https:\/\/imag.umontpellier.fr\/index.php?rest_route=\/wp\/v2\/types\/page"}],"author":[{"embeddable":true,"href":"https:\/\/imag.umontpellier.fr\/index.php?rest_route=\/wp\/v2\/users\/2"}],"replies":[{"embeddable":true,"href":"https:\/\/imag.umontpellier.fr\/index.php?rest_route=%2Fwp%2Fv2%2Fcomments&post=425"}],"version-history":[{"count":17,"href":"https:\/\/imag.umontpellier.fr\/index.php?rest_route=\/wp\/v2\/pages\/425\/revisions"}],"predecessor-version":[{"id":2294,"href":"https:\/\/imag.umontpellier.fr\/index.php?rest_route=\/wp\/v2\/pages\/425\/revisions\/2294"}],"up":[{"embeddable":true,"href":"https:\/\/imag.umontpellier.fr\/index.php?rest_route=\/wp\/v2\/pages\/398"}],"wp:attachment":[{"href":"https:\/\/imag.umontpellier.fr\/index.php?rest_route=%2Fwp%2Fv2%2Fmedia&parent=425"}],"curies":[{"name":"wp","href":"https:\/\/api.w.org\/{rel}","templated":true}]}}